{"id":1700,"date":"2017-02-22T10:01:01","date_gmt":"2017-02-22T09:01:01","guid":{"rendered":"http:\/\/www.pierrecouprie.fr\/?page_id=1700"},"modified":"2017-02-23T09:04:54","modified_gmt":"2017-02-23T08:04:54","slug":"outils-numeriques-pour-la-recherche-en-musicologie","status":"publish","type":"page","link":"https:\/\/www.pierrecouprie.fr\/?page_id=1700","title":{"rendered":"Fiche pratique : outils num\u00e9riques pour la recherche"},"content":{"rendered":"<h1>1. R\u00e9daction de la th\u00e8se<\/h1>\n<p>R\u00e8gles typographiques pour la r\u00e9daction :<\/p>\n<ul>\n<li><a href=\"http:\/\/www.paris-sorbonne.fr\/IMG\/pdf\/Seminaire_methodologie_ED1mai_2012CRannexeregles_typographiques.pdf\" target=\"_blank\">Protocole typographique<\/a>&nbsp;(r\u00e9sum\u00e9)<\/li>\n<li><a href=\"http:\/\/www.decitre.fr\/livres\/lexique-des-regles-typographiques-en-usage-a-l-imprimerie-nationale-9782743304829.html\" target=\"_blank\">Lexique des r\u00e8gles typographiques<\/a>&nbsp;(complet)<\/li>\n<\/ul>\n<p>Norme de pr\u00e9sentation des r\u00e9f\u00e9rences bibliographiques et de la bibliographie (ISO 690) :&nbsp;<\/p>\n<ul>\n<li><a href=\"http:\/\/revues.refer.org\/telechargement\/fiche-bibliographie.pdf\" target=\"_blank\">R\u00e9f\u00e9rences et citations bibliographiques dans un article scientifique<\/a><\/li>\n<li><a href=\"http:\/\/editor.citationstyles.org\/styleInfo\/?styleId=http%3A%2F%2Fwww.zotero.org%2Fstyles%2Fiso690-author-date-fr-no-abstract\" target=\"_blank\">Style ISO 690 \u00e0 installer dans le logiciel de r\u00e9f\u00e9rencement bibliographique<\/a>&nbsp;(comme Zotero ou Mendeley)<\/li>\n<\/ul>\n<p>Outils de r\u00e9f\u00e9rencement bibliographiques :<\/p>\n<ul>\n<li><a href=\"https:\/\/www.zotero.org\" target=\"_blank\">Zotero<\/a><\/li>\n<li><a href=\"https:\/\/www.mendeley.com\" target=\"_blank\">Mendeley<\/a><\/li>\n<li><a href=\"http:\/\/editor.citationstyles.org\" target=\"_blank\">Editeur de styles en ligne<\/a>&nbsp;(compatible avec tous les logiciels de r\u00e9f\u00e9rencement bibliographiques)<\/li>\n<\/ul>\n<p>R\u00e9daction de la th\u00e8se avec Microsoft&nbsp;Word :<\/p>\n<ul>\n<li><a href=\"https:\/\/openclassrooms.com\/courses\/redigez-facilement-des-documents-avec-word\" target=\"_blank\">R\u00e9diger facilement des documents avec Word<\/a><\/li>\n<li><a href=\"http:\/\/numerique.dunod.com\/58995\/Vos-documents-longs-avec-Word.ebook\" target=\"_blank\">Vos documents longs avec Word<\/a><\/li>\n<\/ul>\n<p>R\u00e9daction de la th\u00e8se avec LaTeX :<\/p>\n<ul>\n<li><a href=\"https:\/\/openclassrooms.com\/courses\/redigez-des-documents-de-qualite-avec-latex\" target=\"_blank\">R\u00e9digez des documents de qualit\u00e9 avec LaTeX<\/a><\/li>\n<li><a href=\"http:\/\/geekographie.maieul.net\/95\" target=\"_blank\">LaTeX appliqu\u00e9e aux sciences humaines<\/a><\/li>\n<\/ul>\n<h1>2. Outils Paris-Sorbonne<\/h1>\n<p>Services disponibles avec votre compte SESAM de Paris-Sorbonne<\/p>\n<p>Connexion Wifi Eduroam dans de nombreuses universit\u00e9s :<\/p>\n<ul>\n<li><a href=\"http:\/\/moodle23.paris-sorbonne.fr\/course\/view.php?id=695\" target=\"_blank\">Connexion Wifi Eduroam<\/a> (en bas de page)<br \/>\nN\u00e9cessite l&rsquo;installation d&rsquo;un profil sur votre ordinateur ou votre mobile\/tablette.<\/li>\n<\/ul>\n<p>Biblioth\u00e8que virtuelle :<\/p>\n<ul>\n<li><a href=\"http:\/\/documentation.sorbonne-universites.fr\" target=\"_blank\">Portail documentaire Paris-Sorbonne<\/a><\/li>\n<li><a href=\"http:\/\/scd-ezproxy.paris-sorbonne.fr:2048\/login?url=http:\/\/www.jstor.org\" target=\"_blank\">Acc\u00e8s direct JSTOR<\/a><\/li>\n<li><a href=\"http:\/\/biblioshs.inist.fr\" target=\"_blank\">Ressources documentaires du CNRS avec le compte du laboratoire<\/a><\/li>\n<\/ul>\n<p>Achat de mat\u00e9riel informatique pour les personnels des universit\u00e9s d&rsquo;\u00cele de France (Microsoft et Apple on Campus) :<\/p>\n<ul>\n<li><a href=\"http:\/\/unpidf.univ-paris1.fr\/boutique-numerique_ol\" target=\"_blank\">Boutique num\u00e9rique<\/a><\/li>\n<\/ul>\n<h1>3.&nbsp;Autres outils<\/h1>\n<p>Sauvegarde en ligne :<\/p>\n<ul>\n<li><a href=\"https:\/\/hubic.com\/fr\/\" target=\"_blank\">HubiC<\/a> (sur des serveurs en France)<\/li>\n<li><a href=\"https:\/\/www.dropbox.com\" target=\"_blank\">Dropbox<\/a><\/li>\n<\/ul>\n<p>Prise de notes et aide \u00e0 la lecture :<\/p>\n<ul>\n<li><a href=\"https:\/\/evernote.com\/intl\/fr\/\" target=\"_blank\">Evernote<\/a><\/li>\n<li><a href=\"https:\/\/getpocket.com\" target=\"_blank\">Pocket<\/a><\/li>\n<\/ul>\n","protected":false},"excerpt":{"rendered":"<p>1. R\u00e9daction de la th\u00e8se R\u00e8gles typographiques pour la r\u00e9daction : Protocole typographique&nbsp;(r\u00e9sum\u00e9) Lexique des r\u00e8gles typographiques&nbsp;(complet) Norme de pr\u00e9sentation des r\u00e9f\u00e9rences bibliographiques et de la bibliographie (ISO 690) :&nbsp; R\u00e9f\u00e9rences et citations bibliographiques dans un article scientifique Style ISO 690 \u00e0 installer dans le logiciel de r\u00e9f\u00e9rencement bibliographique&nbsp;(comme Zotero ou Mendeley) Outils de r\u00e9f\u00e9rencement [&hellip;]<\/p>\n","protected":false},"author":1,"featured_media":0,"parent":0,"menu_order":0,"comment_status":"closed","ping_status":"closed","template":"","meta":{"ngg_post_thumbnail":0,"footnotes":""},"class_list":["post-1700","page","type-page","status-publish","hentry"],"_links":{"self":[{"href":"https:\/\/www.pierrecouprie.fr\/index.php?rest_route=\/wp\/v2\/pages\/1700","targetHints":{"allow":["GET"]}}],"collection":[{"href":"https:\/\/www.pierrecouprie.fr\/index.php?rest_route=\/wp\/v2\/pages"}],"about":[{"href":"https:\/\/www.pierrecouprie.fr\/index.php?rest_route=\/wp\/v2\/types\/page"}],"author":[{"embeddable":true,"href":"https:\/\/www.pierrecouprie.fr\/index.php?rest_route=\/wp\/v2\/users\/1"}],"replies":[{"embeddable":true,"href":"https:\/\/www.pierrecouprie.fr\/index.php?rest_route=%2Fwp%2Fv2%2Fcomments&post=1700"}],"version-history":[{"count":13,"href":"https:\/\/www.pierrecouprie.fr\/index.php?rest_route=\/wp\/v2\/pages\/1700\/revisions"}],"predecessor-version":[{"id":1714,"href":"https:\/\/www.pierrecouprie.fr\/index.php?rest_route=\/wp\/v2\/pages\/1700\/revisions\/1714"}],"wp:attachment":[{"href":"https:\/\/www.pierrecouprie.fr\/index.php?rest_route=%2Fwp%2Fv2%2Fmedia&parent=1700"}],"curies":[{"name":"wp","href":"https:\/\/api.w.org\/{rel}","templated":true}]}}