{"id":539,"date":"2012-07-15T20:49:05","date_gmt":"2012-07-15T18:49:05","guid":{"rendered":"http:\/\/www.pierrecouprie.fr\/?page_id=539"},"modified":"2013-04-07T19:37:26","modified_gmt":"2013-04-07T17:37:26","slug":"representations","status":"publish","type":"page","link":"http:\/\/www.pierrecouprie.fr\/?page_id=539","title":{"rendered":"Repr\u00e9sentations"},"content":{"rendered":"<p>Cette page contient les r\u00e9f\u00e9rences vers les repr\u00e9sentations analytiques que j&rsquo;ai r\u00e9alis\u00e9es depuis 2000.<\/p>\n<p>&nbsp;<\/p>\n<p><strong>\u00ab Une analyse d\u00e9taill\u00e9e de Bohor (1962) \u00bb<\/strong>,\u00a0<em>Definitive Proceedings of the International Symposium Iannis Xenakis (Ath\u00e8nes, mai 2005)<\/em>, 2007, 9 p.<br \/>\n<a href=\"http:\/\/cicm.mshparisnord.org\/ColloqueXenakis\/papers\/Couprie.pdf \" target=\"_blank\">http:\/\/cicm.mshparisnord.org\/ColloqueXenakis\/papers\/Couprie.pdf\u00a0<\/a><\/p>\n<p><a href=\"http:\/\/www.pierrecouprie.fr\/wp-content\/uploads\/2011\/05\/bohor.jpg\"><img loading=\"lazy\" decoding=\"async\" class=\"alignnone size-full wp-image-550\" title=\"bohor\" alt=\"\" src=\"http:\/\/www.pierrecouprie.fr\/wp-content\/uploads\/2011\/05\/bohor.jpg\" width=\"500\" height=\"227\" srcset=\"http:\/\/www.pierrecouprie.fr\/wp-content\/uploads\/2011\/05\/bohor.jpg 500w, http:\/\/www.pierrecouprie.fr\/wp-content\/uploads\/2011\/05\/bohor-300x136.jpg 300w\" sizes=\"auto, (max-width: 500px) 100vw, 500px\" \/><\/a><\/p>\n<p><strong>\u00ab Analyse de Jukurrpa \u2013 Quatre r\u00eaves \u00bb<\/strong>,\u00a0<em>Musim\u00e9diane<\/em>, n\u00b01, Paris, SFAM, 2005.<br \/>\n<a href=\"http:\/\/www.musimediane.com\/spip.php?article3\" target=\"_blank\">http:\/\/www.musimediane.com\/spip.php?article3<\/a><\/p>\n<p><a href=\"http:\/\/www.pierrecouprie.fr\/wp-content\/uploads\/2011\/05\/jukurrpa.jpg\"><img loading=\"lazy\" decoding=\"async\" class=\"alignnone size-full wp-image-553\" title=\"jukurrpa\" alt=\"\" src=\"http:\/\/www.pierrecouprie.fr\/wp-content\/uploads\/2011\/05\/jukurrpa.jpg\" width=\"500\" height=\"429\" srcset=\"http:\/\/www.pierrecouprie.fr\/wp-content\/uploads\/2011\/05\/jukurrpa.jpg 500w, http:\/\/www.pierrecouprie.fr\/wp-content\/uploads\/2011\/05\/jukurrpa-300x257.jpg 300w\" sizes=\"auto, (max-width: 500px) 100vw, 500px\" \/><\/a><\/p>\n<p><strong>\u00ab Analyse compar\u00e9e des Trois r\u00eaves d\u2019oiseau de Fran\u00e7ois Bayle \u00bb<\/strong>,\u00a0<em>Demeter<\/em>, Universit\u00e9 de Lille, 2003.<br \/>\nRepr\u00e9sentation : <a href=\"http:\/\/demeter.revue.univ-lille3.fr\/analyse\/couprie\/Bayle.swf\" target=\"_blank\">http:\/\/demeter.revue.univ-lille3.fr\/analyse\/couprie\/Bayle.swf<\/a><br \/>\nArticle : <a href=\"http:\/\/demeter.revue.univ-lille3.fr\/analyse\/couprie.pdf\" target=\"_blank\">http:\/\/demeter.revue.univ-lille3.fr\/analyse\/couprie.pdf<\/a><\/p>\n<p><a href=\"http:\/\/www.pierrecouprie.fr\/wp-content\/uploads\/2011\/05\/oiseauZen.jpg\"><img loading=\"lazy\" decoding=\"async\" class=\"alignnone size-full wp-image-556\" title=\"oiseauZen\" alt=\"\" src=\"http:\/\/www.pierrecouprie.fr\/wp-content\/uploads\/2011\/05\/oiseauZen.jpg\" width=\"500\" height=\"450\" srcset=\"http:\/\/www.pierrecouprie.fr\/wp-content\/uploads\/2011\/05\/oiseauZen.jpg 500w, http:\/\/www.pierrecouprie.fr\/wp-content\/uploads\/2011\/05\/oiseauZen-300x270.jpg 300w\" sizes=\"auto, (max-width: 500px) 100vw, 500px\" \/><\/a><\/p>\n<p><strong>\u00ab Repr\u00e9sentation graphique compl\u00e8te de Sud de Jean-Claude Risset \u00bb<\/strong>,\u00a0<em>Jean-Claude Risset. Portraits polychromes<\/em>, INA-GRM\/CDMC, 2001.<br \/>\n<a href=\"http:\/\/www.inagrm.com\/categories\/jean-claude-risset\" target=\"_blank\">http:\/\/www.inagrm.com\/categories\/jean-claude-risset<\/a><\/p>\n<p><a href=\"http:\/\/www.pierrecouprie.fr\/wp-content\/uploads\/2011\/05\/risset2.jpg\"><img loading=\"lazy\" decoding=\"async\" class=\"alignnone size-full wp-image-558\" title=\"risset2\" alt=\"\" src=\"http:\/\/www.pierrecouprie.fr\/wp-content\/uploads\/2011\/05\/risset2.jpg\" width=\"500\" height=\"343\" srcset=\"http:\/\/www.pierrecouprie.fr\/wp-content\/uploads\/2011\/05\/risset2.jpg 500w, http:\/\/www.pierrecouprie.fr\/wp-content\/uploads\/2011\/05\/risset2-300x205.jpg 300w\" sizes=\"auto, (max-width: 500px) 100vw, 500px\" \/><\/a><\/p>\n<p><strong>\u00ab H\u00e9t\u00e9rozygote et les Presque rien \u00bb<\/strong>, \u00a0<em>Luc Ferrari. Portraits polychromes<\/em>, INA-GRM\/CDMC, 2001.<br \/>\n(Article de Daniel Terrugi)<br \/>\n<a href=\"http:\/\/www.inagrm.com\/categories\/luc-ferrari\" target=\"_blank\">http:\/\/www.inagrm.com\/categories\/luc-ferrari<\/a><\/p>\n<p><a href=\"http:\/\/www.pierrecouprie.fr\/wp-content\/uploads\/2011\/05\/ferrari.jpg\"><img loading=\"lazy\" decoding=\"async\" class=\"alignnone size-full wp-image-551\" title=\"ferrari\" alt=\"\" src=\"http:\/\/www.pierrecouprie.fr\/wp-content\/uploads\/2011\/05\/ferrari.jpg\" width=\"500\" height=\"343\" srcset=\"http:\/\/www.pierrecouprie.fr\/wp-content\/uploads\/2011\/05\/ferrari.jpg 500w, http:\/\/www.pierrecouprie.fr\/wp-content\/uploads\/2011\/05\/ferrari-300x205.jpg 300w\" sizes=\"auto, (max-width: 500px) 100vw, 500px\" \/><\/a><\/p>\n<p><strong>\u00ab Vox vocis, f \u00bb<\/strong>,\u00a0<em>Ivo Malec. Portraits polychromes<\/em>, INA-GRM\/CDMC, 2001.<br \/>\n<a href=\"http:\/\/www.institut-national-audiovisuel.fr\/sites\/ina\/medias\/upload\/grm\/portraits-polychromes\/extraits\/malec\/index.html\" target=\"_blank\">http:\/\/www.institut-national-audiovisuel.fr\/sites\/ina\/medias\/upload\/grm\/portraits-polychromes\/extraits\/malec\/index.html<\/a><\/p>\n<p><a href=\"http:\/\/www.pierrecouprie.fr\/wp-content\/uploads\/2012\/07\/VoxVocisF.jpg\"><img loading=\"lazy\" decoding=\"async\" class=\"alignnone size-full wp-image-562\" title=\"VoxVocisF\" alt=\"\" src=\"http:\/\/www.pierrecouprie.fr\/wp-content\/uploads\/2012\/07\/VoxVocisF.jpg\" width=\"500\" height=\"276\" srcset=\"http:\/\/www.pierrecouprie.fr\/wp-content\/uploads\/2012\/07\/VoxVocisF.jpg 500w, http:\/\/www.pierrecouprie.fr\/wp-content\/uploads\/2012\/07\/VoxVocisF-300x165.jpg 300w\" sizes=\"auto, (max-width: 500px) 100vw, 500px\" \/><\/a><\/p>\n<p><strong>\u00ab Comment c\u2019est fait ? Analyse graphique d\u2019un extrait de De Natura Sonorum de Bernard Parmegiani \u00bb<\/strong>,\u00a0<em>La musique \u00e9lectroacoustique<\/em>, Paris, INA-GRM\/Hyptique.net, Musiques tangibles, 2000, CD-ROM Mac et PC.<\/p>\n<p><a href=\"http:\/\/www.pierrecouprie.fr\/wp-content\/uploads\/2012\/07\/parmegiani.jpg\"><img loading=\"lazy\" decoding=\"async\" class=\"alignnone size-full wp-image-563\" title=\"parmegiani\" alt=\"\" src=\"http:\/\/www.pierrecouprie.fr\/wp-content\/uploads\/2012\/07\/parmegiani.jpg\" width=\"500\" height=\"375\" srcset=\"http:\/\/www.pierrecouprie.fr\/wp-content\/uploads\/2012\/07\/parmegiani.jpg 500w, http:\/\/www.pierrecouprie.fr\/wp-content\/uploads\/2012\/07\/parmegiani-300x225.jpg 300w\" sizes=\"auto, (max-width: 500px) 100vw, 500px\" \/><\/a><\/p>\n<p><strong>\u00ab Transformation\/transmutation. Analyse d\u2019un extrait de Don Quichotte Corporation d\u2019Alain Savouret \u00bb<\/strong>,\u00a0<em>La musique \u00e9lectroacoustique<\/em>, Paris, INA-GRM\/Hyptique.net, Musiques tangibles, 2000, CD-ROM Mac et PC.<\/p>\n<p><a href=\"http:\/\/www.pierrecouprie.fr\/wp-content\/uploads\/2012\/07\/savouret.jpg\"><img loading=\"lazy\" decoding=\"async\" class=\"alignnone size-full wp-image-564\" title=\"savouret\" alt=\"\" src=\"http:\/\/www.pierrecouprie.fr\/wp-content\/uploads\/2012\/07\/savouret.jpg\" width=\"500\" height=\"375\" srcset=\"http:\/\/www.pierrecouprie.fr\/wp-content\/uploads\/2012\/07\/savouret.jpg 500w, http:\/\/www.pierrecouprie.fr\/wp-content\/uploads\/2012\/07\/savouret-300x225.jpg 300w\" sizes=\"auto, (max-width: 500px) 100vw, 500px\" \/><\/a><\/p>\n<p><strong>\u00ab Mixage. Analyse d\u2019un extrait de M-\u00c9 de Philippe Leroux \u00bb<\/strong>,\u00a0<em>La musique \u00e9lectroacoustique<\/em>, Paris, INA-GRM\/Hyptique.net, Musiques tangibles, 2000, CD-ROM Mac et PC.<\/p>\n<p><a href=\"http:\/\/www.pierrecouprie.fr\/wp-content\/uploads\/2012\/07\/leroux.jpg\"><img loading=\"lazy\" decoding=\"async\" class=\"alignnone size-full wp-image-565\" title=\"leroux\" alt=\"\" src=\"http:\/\/www.pierrecouprie.fr\/wp-content\/uploads\/2012\/07\/leroux.jpg\" width=\"500\" height=\"375\" srcset=\"http:\/\/www.pierrecouprie.fr\/wp-content\/uploads\/2012\/07\/leroux.jpg 500w, http:\/\/www.pierrecouprie.fr\/wp-content\/uploads\/2012\/07\/leroux-300x225.jpg 300w\" sizes=\"auto, (max-width: 500px) 100vw, 500px\" \/><\/a><\/p>\n","protected":false},"excerpt":{"rendered":"<p>Cette page contient les r\u00e9f\u00e9rences vers les repr\u00e9sentations analytiques que j&rsquo;ai r\u00e9alis\u00e9es depuis 2000. &nbsp; \u00ab Une analyse d\u00e9taill\u00e9e de Bohor (1962) \u00bb,\u00a0Definitive Proceedings of the International Symposium Iannis Xenakis (Ath\u00e8nes, mai 2005), 2007, 9 p. http:\/\/cicm.mshparisnord.org\/ColloqueXenakis\/papers\/Couprie.pdf\u00a0 \u00ab Analyse de Jukurrpa \u2013 Quatre r\u00eaves \u00bb,\u00a0Musim\u00e9diane, n\u00b01, Paris, SFAM, 2005. http:\/\/www.musimediane.com\/spip.php?article3 \u00ab Analyse compar\u00e9e des Trois [&hellip;]<\/p>\n","protected":false},"author":1,"featured_media":0,"parent":0,"menu_order":6,"comment_status":"closed","ping_status":"open","template":"","meta":{"ngg_post_thumbnail":0,"footnotes":""},"class_list":["post-539","page","type-page","status-publish","hentry"],"_links":{"self":[{"href":"http:\/\/www.pierrecouprie.fr\/index.php?rest_route=\/wp\/v2\/pages\/539","targetHints":{"allow":["GET"]}}],"collection":[{"href":"http:\/\/www.pierrecouprie.fr\/index.php?rest_route=\/wp\/v2\/pages"}],"about":[{"href":"http:\/\/www.pierrecouprie.fr\/index.php?rest_route=\/wp\/v2\/types\/page"}],"author":[{"embeddable":true,"href":"http:\/\/www.pierrecouprie.fr\/index.php?rest_route=\/wp\/v2\/users\/1"}],"replies":[{"embeddable":true,"href":"http:\/\/www.pierrecouprie.fr\/index.php?rest_route=%2Fwp%2Fv2%2Fcomments&post=539"}],"version-history":[{"count":13,"href":"http:\/\/www.pierrecouprie.fr\/index.php?rest_route=\/wp\/v2\/pages\/539\/revisions"}],"predecessor-version":[{"id":544,"href":"http:\/\/www.pierrecouprie.fr\/index.php?rest_route=\/wp\/v2\/pages\/539\/revisions\/544"}],"wp:attachment":[{"href":"http:\/\/www.pierrecouprie.fr\/index.php?rest_route=%2Fwp%2Fv2%2Fmedia&parent=539"}],"curies":[{"name":"wp","href":"https:\/\/api.w.org\/{rel}","templated":true}]}}