{"id":10,"date":"2011-05-12T11:44:16","date_gmt":"2011-05-12T11:44:16","guid":{"rendered":"http:\/\/www.pierrecouprie.fr\/wp\/?page_id=10"},"modified":"2025-12-13T09:01:50","modified_gmt":"2025-12-13T08:01:50","slug":"musique-ecoute","status":"publish","type":"page","link":"http:\/\/www.pierrecouprie.fr\/?page_id=10","title":{"rendered":"Musique"},"content":{"rendered":"\n<p><strong>Prochains concerts<\/strong><\/p>\n\n\n\n<ul class=\"wp-block-list\">\n<li>4, 5, 7, 9 f\u00e9vrier 2026 : Acousmatique et improvisation spatialis\u00e9e \u00e0 la Sc\u00e8ne de recherche ENS Paris-Saclay avec Nathan\u00eblle Raboisson, Olivier Lamarche et Paulo Castrini | <a href=\"https:\/\/scenederecherche.ens-paris-saclay.fr\/agenda\/experimentations-sonores\">Renseignements<\/a><\/li>\n\n\n\n<li>5 avril 2026 : dans le cadre des Dimanches de l&rsquo;impro \u00e0 Montreuil avec Laurence Bouckaert et Nicolas Verin<\/li>\n<\/ul>\n\n\n\n\n\n<p>&nbsp;&nbsp;<\/p>\n\n\n\n<h2 class=\"wp-block-heading\">Uzeste &#8211; 12 ao\u00fbt 2023<\/h2>\n\n\n\n<p>Avec Mari Kimura (violon, \u00e9lectronique MUGI), Gy\u00f6rgy Kurtag (handsonic), Jean-Marc Montera (guitares)<\/p>\n\n\n\n<p>D\u00e9but : 1h43:25<\/p>\n\n\n\n<figure class=\"wp-block-embed is-type-video is-provider-vimeo wp-block-embed-vimeo wp-embed-aspect-16-9 wp-has-aspect-ratio\"><div class=\"wp-block-embed__wrapper\">\nhttps:\/\/vimeo.com\/showcase\/11264401\/video\/978124555#t=6205s\n<\/div><\/figure>\n\n\n\n<h3 class=\"wp-block-heading\">Stegi-Onassis Foundation &#8211; 27 septembre 2019<\/h3>\n\n\n\n<p>Avec Mary Kimura (violon augment\u00e9), Pierre Couprie (synth\u00e8se hybride), Gy\u00f6rgy Kurt\u00e1g Jr. (handsonic), Hugues Genevois (koncertdoboz)<\/p>\n\n\n\n<figure class=\"wp-block-embed is-type-video is-provider-vimeo wp-block-embed-vimeo wp-embed-aspect-16-9 wp-has-aspect-ratio\"><div class=\"wp-block-embed__wrapper\">\nhttps:\/\/vimeo.com\/showcase\/6364851\/video\/431386518\n<\/div><\/figure>\n\n\n\n<p>&nbsp;&nbsp;&nbsp;&nbsp;<\/p>\n\n\n\n<p>&nbsp;&nbsp;&nbsp;&nbsp;<\/p>\n\n\n\n<hr>\n\n\n\n<h2 class=\"wp-block-heading\">Orchestre National Electroacoustique &#8211; ONE<\/h2>\n\n\n\n<h3 class=\"wp-block-heading\">Cadavres Exquis &#8211; Paris, \u00c9glise Sainte-Claire d&rsquo;Assise, Nuit blanche 2018<\/h3>\n\n\n\n<figure class=\"wp-block-embed is-type-video is-provider-youtube wp-block-embed-youtube wp-embed-aspect-16-9 wp-has-aspect-ratio\"><div class=\"wp-block-embed__wrapper\">\n<iframe loading=\"lazy\" title=\"Half ONE - Cadavre Exquis (Nuit Blanche 2018)\" width=\"940\" height=\"529\" src=\"https:\/\/www.youtube.com\/embed\/LmEFrPu26uk?feature=oembed\" frameborder=\"0\" allow=\"accelerometer; autoplay; clipboard-write; encrypted-media; gyroscope; picture-in-picture; web-share\" referrerpolicy=\"strict-origin-when-cross-origin\" allowfullscreen><\/iframe>\n<\/div><\/figure>\n\n\n\n<h3 class=\"wp-block-heading\">L&rsquo;odyss\u00e9e hyperphonique &#8211; Paris, Mus\u00e9e de l&rsquo;Homme, Nuit blanche 2016<\/h3>\n\n\n\n<figure class=\"wp-block-embed is-type-video is-provider-vimeo wp-block-embed-vimeo wp-embed-aspect-16-9 wp-has-aspect-ratio\"><div class=\"wp-block-embed__wrapper\">\n<iframe loading=\"lazy\" title=\"L&#039;Odysse\u0301e Hyperphonique @ Nuit Blanche 2016\" src=\"https:\/\/player.vimeo.com\/video\/188112073?dnt=1&amp;app_id=122963\" width=\"940\" height=\"529\" frameborder=\"0\" allow=\"autoplay; fullscreen; picture-in-picture; clipboard-write; encrypted-media; web-share\" referrerpolicy=\"strict-origin-when-cross-origin\"><\/iframe>\n<\/div><\/figure>\n\n\n\n<p>&nbsp;&nbsp;&nbsp;&nbsp;<\/p>\n\n\n\n<p>&nbsp;&nbsp;&nbsp;&nbsp;<\/p>\n\n\n\n<hr>\n\n\n\n<h2 class=\"wp-block-heading\">Les Phonog\u00e9nistes<\/h2>\n\n\n\n<figure class=\"wp-block-embed is-type-rich is-provider-soundcloud wp-block-embed-soundcloud wp-embed-aspect-4-3 wp-has-aspect-ratio\"><div class=\"wp-block-embed__wrapper\">\n<iframe loading=\"lazy\" title=\"Les Phonog\u00e9nistes\" width=\"940\" height=\"450\" scrolling=\"no\" frameborder=\"no\" src=\"https:\/\/w.soundcloud.com\/player\/?visual=true&#038;url=https%3A%2F%2Fapi.soundcloud.com%2Fusers%2F6092707&#038;show_artwork=true&#038;maxheight=1000&#038;maxwidth=940\"><\/iframe>\n<\/div><\/figure>\n\n\n\n<p>&nbsp;&nbsp;&nbsp;&nbsp;<\/p>\n\n\n\n<p>&nbsp;&nbsp;&nbsp;&nbsp;<\/p>\n\n\n\n<hr>\n\n\n\n<h2 class=\"wp-block-heading\">Extraits d&rsquo;\u0153uvres \u00e9lectroacoustiques et instrumentales<\/h2>\n\n\n\n<figure class=\"wp-block-embed is-type-rich is-provider-soundcloud wp-block-embed-soundcloud wp-embed-aspect-4-3 wp-has-aspect-ratio\"><div class=\"wp-block-embed__wrapper\">\n<iframe loading=\"lazy\" title=\"Pierre Couprie\" width=\"940\" height=\"450\" scrolling=\"no\" frameborder=\"no\" src=\"https:\/\/w.soundcloud.com\/player\/?visual=true&#038;url=https%3A%2F%2Fapi.soundcloud.com%2Fusers%2F2614328&#038;show_artwork=true&#038;maxheight=1000&#038;maxwidth=940\"><\/iframe>\n<\/div><\/figure>\n\n\n\n<p>&nbsp;&nbsp;&nbsp;&nbsp;<\/p>\n\n\n\n<p>&nbsp;&nbsp;&nbsp;&nbsp;<\/p>\n\n\n\n<br>\n\n\n<h2>DVD<\/h2>\n<p><strong>\u00ab&nbsp;Vertiges de l&rsquo;image \u00bb<\/strong> avec les <a href=\"http:\/\/www.phonogenistes.fr\" target=\"_blank\" rel=\"noopener noreferrer\">Phonog\u00e9nistes<\/a> (Laurence Bouckaert, Pierre Couprie, Francis Larvor )et Ant\u00f3nio de Sousa Dias, 2011.<\/p>\n<p>Improvisation \u00e9lectroacoustique et cr\u00e9ation visuelle<\/p>\n<p><a href=\"http:\/\/www.pierrecouprie.fr\/wp-content\/uploads\/2011\/05\/GZ47_COUPRIE_CDP__19-118.jpg\"><img loading=\"lazy\" decoding=\"async\" class=\"alignnone size-full wp-image-236\" title=\"GZ47_COUPRIE_CDP__19-118\" src=\"http:\/\/www.pierrecouprie.fr\/wp-content\/uploads\/2011\/05\/GZ47_COUPRIE_CDP__19-118.jpg\" alt=\"\" width=\"200\" height=\"199\" srcset=\"http:\/\/www.pierrecouprie.fr\/wp-content\/uploads\/2011\/05\/GZ47_COUPRIE_CDP__19-118.jpg 200w, http:\/\/www.pierrecouprie.fr\/wp-content\/uploads\/2011\/05\/GZ47_COUPRIE_CDP__19-118-150x150.jpg 150w\" sizes=\"auto, (max-width: 200px) 100vw, 200px\" \/><\/a><\/p>\n<h2>CDs<\/h2>\n<p><strong>\u00ab&nbsp;Jukurrpa &#8211; Quatre r\u00eaves \u00bb<\/strong>,&nbsp;<em>Bouquet of Sounds<\/em>, De Montfort University (Leicester &#8211; UK),&nbsp;2007,&nbsp;MTI CD001\/2.<\/p>\n<p>Compilation avec Ximena Alarc\u00f3n, Simon Atkinson, Peter Batchlor, Bret Battey, Simon Emmerson, Richard Hemmings, Ron Herrema, Christopher Hobbs, Andrew Hugill, Leigh Landy, Rick Nance, John Richard, Sophy Smith, John Young<\/p>\n<p><a href=\"http:\/\/www.pierrecouprie.fr\/wp\/wp-content\/uploads\/2011\/05\/2007.jpg\"><img loading=\"lazy\" decoding=\"async\" class=\"alignnone size-full wp-image-51\" title=\"2007\" src=\"http:\/\/www.pierrecouprie.fr\/wp\/wp-content\/uploads\/2011\/05\/2007.jpg\" alt=\"\" width=\"200\" height=\"201\" srcset=\"http:\/\/www.pierrecouprie.fr\/wp-content\/uploads\/2011\/05\/2007.jpg 200w, http:\/\/www.pierrecouprie.fr\/wp-content\/uploads\/2011\/05\/2007-150x150.jpg 150w\" sizes=\"auto, (max-width: 200px) 100vw, 200px\" \/><\/a><\/p>\n<p><strong>\u00ab&nbsp;R\u00eave&nbsp;\u00bb<\/strong>,&nbsp;<em>Zone de r\u00eave<\/em>, Studio Forum (Lyon),&nbsp;2002.<\/p>\n<p><a href=\"http:\/\/www.pierrecouprie.fr\/wp\/wp-content\/uploads\/2011\/05\/2002.jpg\"><img loading=\"lazy\" decoding=\"async\" class=\"alignnone size-full wp-image-52\" title=\"2002\" src=\"http:\/\/www.pierrecouprie.fr\/wp\/wp-content\/uploads\/2011\/05\/2002.jpg\" alt=\"\" width=\"202\" height=\"205\"><\/a><\/p>\n<p><strong>\u00ab&nbsp;ainsi, toujours, vers l&rsquo;azur&#8230; \u00bb<\/strong>,&nbsp;<em>Luxembourg Sinfonietta<\/em>,&nbsp;2000,&nbsp;No401.<\/p>\n<p>Ensemble orchestral Luxembourg Sinfonietta sous la direction de Marcel Wengler<\/p>\n<p>Compilation avec Jean-Luc Darbellay, Lars Graugaard, Tony K.T.Leung, Serban Nichifor, Andreas Pfl\u00fcger, Lisa Reim, Luca Vanneschi<\/p>\n<p><a href=\"http:\/\/www.pierrecouprie.fr\/wp\/wp-content\/uploads\/2011\/05\/2000b.jpg\"><img loading=\"lazy\" decoding=\"async\" class=\"alignnone size-full wp-image-54\" title=\"2000b\" src=\"http:\/\/www.pierrecouprie.fr\/wp\/wp-content\/uploads\/2011\/05\/2000b.jpg\" alt=\"\" width=\"197\" height=\"203\"><\/a><\/p>\n<p><strong>\u00ab&nbsp;Bop !&nbsp;\u00bb<\/strong>,&nbsp;<em>Premier forum international des jeunes compositeur<\/em>,&nbsp;CDMC (Paris),&nbsp;2000.<\/p>\n<p>Ensemble Aleph<\/p>\n<p>Compilation avec Aur\u00e9liano Cattaneo, Fr\u00e9d\u00e9ric Lagnau, Geoffrey Gordon, Shigeru Kan-No, P\u00e8ter K\u00f6szeghy, David Lesser, Iain Matheson, Pedro Palacio, Valerio Sannicandro, Athanasia Tzanou, Eneko Vadillo Perez, Andrea Vigani<\/p>\n<p><a href=\"http:\/\/www.pierrecouprie.fr\/wp\/wp-content\/uploads\/2011\/05\/2000.jpg\"><img loading=\"lazy\" decoding=\"async\" class=\"alignnone size-full wp-image-53\" title=\"2000\" src=\"http:\/\/www.pierrecouprie.fr\/wp\/wp-content\/uploads\/2011\/05\/2000.jpg\" alt=\"\" width=\"204\" height=\"203\" srcset=\"http:\/\/www.pierrecouprie.fr\/wp-content\/uploads\/2011\/05\/2000.jpg 204w, http:\/\/www.pierrecouprie.fr\/wp-content\/uploads\/2011\/05\/2000-150x150.jpg 150w\" sizes=\"auto, (max-width: 204px) 100vw, 204px\" \/><\/a><\/p>\n<p><strong>\u00ab&nbsp;Cadavre exquis musical&nbsp;\u00bb<\/strong>,&nbsp;<em>Le train fant\u00f4me<\/em>,&nbsp;Suicide commercial,&nbsp;1999.<\/p>\n<p><a href=\"http:\/\/www.pierrecouprie.fr\/wp\/wp-content\/uploads\/2011\/05\/1999.jpg\"><img loading=\"lazy\" decoding=\"async\" class=\"alignnone size-full wp-image-55\" title=\"1999\" src=\"http:\/\/www.pierrecouprie.fr\/wp\/wp-content\/uploads\/2011\/05\/1999.jpg\" alt=\"\" width=\"200\" height=\"200\" srcset=\"http:\/\/www.pierrecouprie.fr\/wp-content\/uploads\/2011\/05\/1999.jpg 200w, http:\/\/www.pierrecouprie.fr\/wp-content\/uploads\/2011\/05\/1999-150x150.jpg 150w\" sizes=\"auto, (max-width: 200px) 100vw, 200px\" \/><\/a><\/p>\n<p><strong>\u00ab&nbsp;Steamtrain study II&nbsp;\u00bb<\/strong>,&nbsp;<em>5 minutes pour 50 ans<\/em>,&nbsp;Octandre (Bordeaux),&nbsp;1998,&nbsp;OC981.<\/p>\n<p>Disque en hommage \u00e0 la naissance de la musique concr\u00e8te<\/p>\n<p>Compilation avec Thierry Alla, Bernard Baritaud, Jacques Daney, Christian Eloy, Catherine Gilloire, Patrick Guyho, Christophe Havel, Pascale Jakubowski, J\u00e9r\u00f4me Joy, Patrick Mell\u00e9, Serge Morand, Jean-Michel Rivet<\/p>\n<p><a href=\"http:\/\/www.pierrecouprie.fr\/wp\/wp-content\/uploads\/2011\/05\/1998.jpg\"><img loading=\"lazy\" decoding=\"async\" class=\"alignnone size-full wp-image-56\" title=\"1998\" src=\"http:\/\/www.pierrecouprie.fr\/wp\/wp-content\/uploads\/2011\/05\/1998.jpg\" alt=\"\" width=\"200\" height=\"202\"><\/a><\/p>\n<p>&nbsp;<\/p>\n<hr>\n<h2>\u0152uvres \u00e9lectroacoustique sur support<\/h2>\n<ul>\n<li>\u00ab&nbsp;Edifice x 2 \u00bb, deux musiques concr\u00e8tes pour une vid\u00e9o de V\u00e9ronique Mouysset<\/li>\n<li>\u00ab&nbsp;Pourquoi voulez-vous qu&rsquo;il y ait un sens&nbsp;? \u00bb, musique concr\u00e8te en 5.1, commande de l&rsquo;IMEB (Bourges)<\/li>\n<li>\u00ab&nbsp;On The Road \u00bb, musique concr\u00e8te, commande 2005 Phonurgia Nova r\u00e9alis\u00e9e dans les studios de l\u2019INA-GRM<\/li>\n<li>\u00ab&nbsp;Sur le fil \u00bb, musique mixte pour guitare et transformations en direct<\/li>\n<li>\u00ab&nbsp;Journal de voyages \u00bb, musique mixte pour trompette et bande<\/li>\n<li>\u00ab&nbsp;Jukurrpa &#8211; Quatre r\u00eaves \u00bb, musique concr\u00e8te en 8 pistes commande de l\u2019INA-GRM<\/li>\n<li>\u00ab&nbsp;Bop&nbsp;! \u00bb, clarinette, trompette, piano, violon, violoncelle<\/li>\n<li>\u00ab&nbsp;Trois paysages \u00bb, musique concr\u00e8te<\/li>\n<li>\u00ab&nbsp;Ainsi, toujours, vers l\u2019azur&#8230; \u00bb, ensemble de 10 musiciens&nbsp;: 2 clarinettes, 2 saxophones, tuba, accord\u00e9on, percussion, violon, alto, violoncelle<\/li>\n<li>\u00ab&nbsp;Entre terre et mer ou Que de r\u00eaves \u00e9gar\u00e9s \u00bb, musique concr\u00e8te, commande de l&rsquo;IMEB (Bourges)<\/li>\n<li>\u00ab&nbsp;Cette ligne que je n\u2019en finis pas de dessiner&#8230; \u00bb, piano, bande et projection de photographies, r\u00e9alis\u00e9e au Sonic Research Studio, Universit\u00e9 Simon Frazer de Burnaby (Vancouver-Canada)<\/li>\n<li>\u00ab&nbsp;Steamtrain studie \u00bb, musique concr\u00e8te r\u00e9alis\u00e9e au Sonic Research Studio, Universit\u00e9 Simon Frazer de Burnaby (Vancouver-Canada)<\/li>\n<li>\u00ab&nbsp;Un souffle&#8230;la voix \u00bb, musique concr\u00e8te r\u00e9alis\u00e9e au studio du CNR Boulogne-Billancourt (Paris)<\/li>\n<li>\u00ab&nbsp;Cinq \u00e9tudes pour piano \u00bb, piano<\/li>\n<li>\u00ab&nbsp;Trois fragments bleus&#8230; \u00bb, musique concr\u00e8te r\u00e9alis\u00e9e au studio du CNR Boulogne-Billancourt (Paris)<\/li>\n<li>\u00ab&nbsp;Tel un miroir bleu&#8230; \u00bb, guitare et bande, bande r\u00e9alis\u00e9e au studio du CNR Boulogne-Billancourt (Paris)<\/li>\n<li>\u00ab&nbsp;Six couleurs \u00bb, claviers, contrebasse 4 cordes, percussion et bande r\u00e9alis\u00e9e au studio de l\u2019ARCEMA, Universit\u00e9 d\u2019Orsay (Paris)<\/li>\n<li>\u00ab&nbsp;Mosa\u00efques \u00bb, ensemble de 11 musiciens&nbsp;: fl\u00fbte (+ piccolo), clarinette, trompette, trombone, tuba, 2 percussionnistes, piano, alto, violoncelle, contrebasse<\/li>\n<li>\u00ab&nbsp;Espace jeux \u00bb, musique concr\u00e8te<\/li>\n<li>\u00ab&nbsp;Nambikwara \u00bb, ensemble de 15 musiciens&nbsp;: fl\u00fbte (+ sol et piccolo), hautbois (+ cor anglais), clarinette sib (+ mib), clarinette basse, cor, trompette, \u00ab&nbsp;trombone, harpe, piano, deux percussionnistes, violon, alto, violoncelle, contrebasse<\/li>\n<li>\u00ab&nbsp;Vol d\u2019infini \u00bb, violon, saxophone alto et clavecin<\/li>\n<\/ul>\n\n\n<p><\/p>\n","protected":false},"excerpt":{"rendered":"<p>Prochains concerts &nbsp;&nbsp; Uzeste &#8211; 12 ao\u00fbt 2023 Avec Mari Kimura (violon, \u00e9lectronique MUGI), Gy\u00f6rgy Kurtag (handsonic), Jean-Marc Montera (guitares) D\u00e9but : 1h43:25 Stegi-Onassis Foundation &#8211; 27 septembre 2019 Avec Mary Kimura (violon augment\u00e9), Pierre Couprie (synth\u00e8se hybride), Gy\u00f6rgy Kurt\u00e1g Jr. (handsonic), Hugues Genevois (koncertdoboz) &nbsp;&nbsp;&nbsp;&nbsp; &nbsp;&nbsp;&nbsp;&nbsp; Orchestre National Electroacoustique &#8211; ONE Cadavres Exquis &#8211; [&hellip;]<\/p>\n","protected":false},"author":1,"featured_media":0,"parent":0,"menu_order":7,"comment_status":"closed","ping_status":"closed","template":"","meta":{"ngg_post_thumbnail":0,"footnotes":""},"class_list":["post-10","page","type-page","status-publish","hentry"],"_links":{"self":[{"href":"http:\/\/www.pierrecouprie.fr\/index.php?rest_route=\/wp\/v2\/pages\/10","targetHints":{"allow":["GET"]}}],"collection":[{"href":"http:\/\/www.pierrecouprie.fr\/index.php?rest_route=\/wp\/v2\/pages"}],"about":[{"href":"http:\/\/www.pierrecouprie.fr\/index.php?rest_route=\/wp\/v2\/types\/page"}],"author":[{"embeddable":true,"href":"http:\/\/www.pierrecouprie.fr\/index.php?rest_route=\/wp\/v2\/users\/1"}],"replies":[{"embeddable":true,"href":"http:\/\/www.pierrecouprie.fr\/index.php?rest_route=%2Fwp%2Fv2%2Fcomments&post=10"}],"version-history":[{"count":60,"href":"http:\/\/www.pierrecouprie.fr\/index.php?rest_route=\/wp\/v2\/pages\/10\/revisions"}],"predecessor-version":[{"id":2979,"href":"http:\/\/www.pierrecouprie.fr\/index.php?rest_route=\/wp\/v2\/pages\/10\/revisions\/2979"}],"wp:attachment":[{"href":"http:\/\/www.pierrecouprie.fr\/index.php?rest_route=%2Fwp%2Fv2%2Fmedia&parent=10"}],"curies":[{"name":"wp","href":"https:\/\/api.w.org\/{rel}","templated":true}]}}